{"id":2,"date":"2020-07-10T20:07:46","date_gmt":"2020-07-10T18:07:46","guid":{"rendered":"http:\/\/recyclerie-lorguaise.fr\/?page_id=2"},"modified":"2026-04-08T13:24:13","modified_gmt":"2026-04-08T11:24:13","slug":"contacts","status":"publish","type":"page","link":"http:\/\/www.recycleriesprovence.fr\/","title":{"rendered":"Nous trouver | Contact"},"content":{"rendered":"\n<p><span class=\"has-inline-color has-black-color\">N&rsquo;h\u00e9sitez pas \u00e0 nous contacter :<\/span> <a href=\"mailto:recycleriesprovence@gmail.com\">recycleriesprovence@gmail.com<\/a> <span class=\"has-inline-color has-black-color\">ou au<\/span> <strong><span class=\"has-inline-color has-vivid-cyan-blue-color\">04 89 53 04 90<\/span><\/strong> <br><span class=\"has-inline-color has-black-color\">ou \u00e0 suivre sur<\/span> <a href=\"https:\/\/www.facebook.com\/profile.php?id=61553997465719\" data-type=\"URL\" data-id=\"https:\/\/www.facebook.com\/profile.php?id=61553997465719\" target=\"_blank\" rel=\"noreferrer noopener\">notre page FaceBook<\/a> <span class=\"has-inline-color has-black-color\">et sur <a href=\"https:\/\/www.instagram.com\/les_recycleries_de_provence?igsh=MTF0aXd3aWFudmhrZw%3D%3D\" target=\"_blank\" rel=\"noreferrer noopener\">notre Instagram<\/a><\/span><\/p>\n\n\n\n<p><strong><span class=\"has-inline-color has-black-color\">Les Recycleries de Provence vous accueillent sur ses 3 sites<\/span><\/strong><\/p>\n\n\n\n<p><strong><span class=\"has-inline-color has-black-color\">Aux horaires suivants <\/span>:<\/strong><\/p>\n\n\n\n<p><span class=\"has-inline-color has-luminous-vivid-amber-color\"><strong>Attention, passage aux horaires d&rsquo;hiver \u00e0 partir du lundi 6\/10\/25<\/strong><\/span><\/p>\n\n\n\n<figure class=\"wp-block-table\">\n<table>\n<tbody>\n<tr>\n  <th class=\"has-text-align-left\" data-align=\"left\">\n  <img src=\"http:\/\/recyclerie-lorguaise.fr\/wp-content\/uploads\/2025\/03\/LOGO_LaGrande.png\" alt=\"\" style=\"width: 120px;\">\n  <\/th>\n  <th colspan=\"2\" class=\"has-text-align-center\" data-align=\"center\">\n    <span class=\"has-inline-color has-black-color\">\n    <strong>\n    LA GRANDE RECYCLERIE<br>\n    1857 route de Draguignan &#8211; 83690 Salernes<br>\n    D\u00c9P\u00d4T D&rsquo;OBJETS &amp; BOUTIQUE SOLIDAIRE\n    <\/strong>\n    <\/span>\n  <\/th>\n<\/tr>\n<tr>\n  <td class=\"has-text-align-left\" data-align=\"left\">\n  <\/td>\n  <td class=\"has-text-align-center\" data-align=\"center\">\n    <span class=\"has-inline-color has-black-color\">\n    <strong>D\u00c9P\u00d4T D&rsquo;OBJETS<\/strong>\n    <\/span>\n  <\/td>\n  <td class=\"has-text-align-center\" data-align=\"center\">\n    <span class=\"has-inline-color has-black-color\">\n    <strong>BOUTIQUE SOLIDAIRE<\/strong>\n    <\/span>\n  <\/td>\n<\/tr>\n<tr>\n  <td class=\"has-text-align-left\" data-align=\"left\">\n    <span class=\"has-inline-color has-black-color\">\n    Lundi\n    <\/span>\n  <\/td>\n  <td class=\"has-text-align-center\" data-align=\"center\">\n    X\n  <\/td>\n  <td class=\"has-text-align-center\" data-align=\"center\">\n    <span class=\"has-inline-color has-black-color\">\n    13h30 &#8211; 17h30<\/span><br><span class=\"has-inline-color has-luminous-vivid-amber-color\"><strong>horaires d&rsquo;hiver \u00e0 partir du lundi 6\/10\/25<\/strong><\/span>\n  <\/td>\n<\/tr>\n<tr>\n  <td class=\"has-text-align-left\" data-align=\"left\">\n    <span class=\"has-inline-color has-black-color\">\n    Mardi\n    <\/span>\n  <\/td>\n  <td class=\"has-text-align-center\" data-align=\"center\">\n    <span class=\"has-inline-color has-black-color\">\n    9h30 &#8211; 12h\n    <\/span>\n  <\/td>\n  <td class=\"has-text-align-center\" data-align=\"center\">\n    <span class=\"has-inline-color has-black-color\">\n    9h30 &#8211; 12h30\n    <\/span>\n  <\/td>\n<\/tr>\n<tr>\n  <td class=\"has-text-align-left\" data-align=\"left\">\n    <span class=\"has-inline-color has-black-color\">\n    Mercredi\n    <\/span>\n  <\/td>\n  <td class=\"has-text-align-center\" data-align=\"center\">\n    <span class=\"has-inline-color has-black-color\">\n    13h30 &#8211; 17h <\/span><br><span class=\"has-inline-color has-luminous-vivid-amber-color\"><strong>horaires d&rsquo;hiver \u00e0 partir du lundi 6\/10\/25<\/strong><\/span>\n  <\/td>\n  <td class=\"has-text-align-center\" data-align=\"center\">\n    <span class=\"has-inline-color has-black-color\">\n    13h30 &#8211; 17h30<\/span><br><span class=\"has-inline-color has-luminous-vivid-amber-color\"><strong>horaires d&rsquo;hiver \u00e0 partir du lundi 6\/10\/25<\/strong><\/span>\n  <\/td>\n<\/tr>\n<tr>\n  <td class=\"has-text-align-left\" data-align=\"left\">\n    <span class=\"has-inline-color has-black-color\">\n    Jeudi\n    <\/span>\n  <\/td>\n  <td class=\"has-text-align-center\" data-align=\"center\">\n    X\n  <\/td>\n  <td class=\"has-text-align-center\" data-align=\"center\">\n    X\n  <\/td>\n<\/tr>\n<tr>\n  <td class=\"has-text-align-left\" data-align=\"left\">\n    <span class=\"has-inline-color has-black-color\">\n    Vendredi\n    <\/span>\n  <\/td>\n  <td class=\"has-text-align-center\" data-align=\"center\">\n    <span class=\"has-inline-color has-black-color\">\n    9h30 &#8211; 12h\n    <\/span>\n  <\/td>\n  <td class=\"has-text-align-center\" data-align=\"center\">\n    <span class=\"has-inline-color has-black-color\">\n    9h30 &#8211; 12h30\n    <\/span>\n  <\/td>\n<\/tr>\n<tr>\n  <td class=\"has-text-align-left\" data-align=\"left\">\n    <span class=\"has-inline-color has-black-color\">\n    Samedi\n    <\/span>\n  <\/td>\n  <td class=\"has-text-align-center\" data-align=\"center\">\n    <span class=\"has-inline-color has-black-color\">\n    9h30 &#8211; 12h\n    <\/span>\n  <\/td>\n  <td class=\"has-text-align-center\" data-align=\"center\">\n    <span class=\"has-inline-color has-black-color\">\n    9h30 &#8211; 12h30<\/span>\n  <\/td>\n<\/tr>\n<tr> \n  <td colspan=\"3\">\n    <center>\n    <figure class=\"wp-block-image size-large\">\n      <a href=\"https:\/\/www.google.com\/maps\/place\/La+Grande+Recyclerie\/@43.558824,6.2651406,19z\/data=!4m6!3m5!1s0x12c957efaa64800b:0x9a021417539e7f70!8m2!3d43.5589308!4d6.2650812!16s%2Fg%2F11tt4_1zqp?hl=fr\">\n          <img loading=\"lazy\" src=\"http:\/\/recyclerie-lorguaise.fr\/wp-content\/uploads\/2025\/03\/trouverPlan-La-Grande.png\" class=\"wp-image-82\" srcset=\"http:\/\/recyclerie-lorguaise.fr\/wp-content\/uploads\/2025\/03\/trouverPlan-La-Grande.png 423w, http:\/\/recyclerie-lorguaise.fr\/wp-content\/uploads\/2025\/03\/trouverPlan-La-Grande.png 300w\" sizes=\"(max-width: 350px) 100vw, 350px\" width=\"250\" height=\"296\">\n        <\/a>\n    <\/figure> \n    <\/center>\n  <\/td> \n<\/tr> \n<\/tbody><\/table><\/figure>\n\n\n\n<figure class=\"wp-block-table\"><table><tbody>\n<tr>\n  <td class=\"has-text-align-left\" data-align=\"left\">\n  <img src=\"http:\/\/recyclerie-lorguaise.fr\/wp-content\/uploads\/2025\/03\/LOGO_Recyclerie-Lorguaise-rond-bleu.png\" alt=\"\" style=\"width: 120px;\">\n  <\/td>\n  <td class=\"has-text-align-center\" data-align=\"center\"><span class=\"has-inline-color has-black-color\"><strong>\nLA RECYCLERIE LORGUAISE<br>\n5, rue Barbacanne &#8211; 83510 Lorgues<br>\nBOUTIQUE SOLIDAIRE\n  <\/span>\n  <\/td>\n\n<tr>\n  <td class=\"has-text-align-left\" data-align=\"left\">\n    <span class=\"has-inline-color has-black-color\">\n    Lundi\n    <\/span>\n  <\/td>\n  <\/td><td class=\"has-text-align-center\" data-align=\"center\">X<\/td>\n<\/tr>\n<tr>\n  <td class=\"has-text-align-left\" data-align=\"left\"><span class=\"has-inline-color has-black-color\">Mardi<\/span><\/td><td class=\"has-text-align-center\" data-align=\"center\"><span class=\"has-inline-color has-black-color\">9h30 &#8211; 12h30<\/span><\/td><\/tr>\n\n<tr><td class=\"has-text-align-left\" data-align=\"left\"><span class=\"has-inline-color has-black-color\">Mercredi<\/span><\/td><td class=\"has-text-align-center\" data-align=\"center\">X<\/td><\/tr>\n\n<tr><td class=\"has-text-align-left\" data-align=\"left\"><span class=\"has-inline-color has-black-color\">Jeudi<\/span><\/td><td class=\"has-text-align-center\" data-align=\"center\">X<\/td><\/tr>\n\n<tr><td class=\"has-text-align-left\" data-align=\"left\"><span class=\"has-inline-color has-black-color\">Vendredi<\/span><\/td><td class=\"has-text-align-center\" data-align=\"center\"><span class=\"has-inline-color has-black-color\">9h30 &#8211; 12h30<\/span><\/td><\/tr>\n\n<tr><td class=\"has-text-align-left\" data-align=\"left\"><span class=\"has-inline-color has-black-color\">Samedi<\/span><\/td><td class=\"has-text-align-center\" data-align=\"center\"><span class=\"has-inline-color has-black-color\">9h30 &#8211; 12h30<\/span><\/td><\/tr>\n<tr> \n  <td colspan=\"3\">\n    <center>\n    <figure class=\"wp-block-image size-large\">\n<a href=\"https:\/\/www.google.fr\/maps\/place\/La+Recyclerie+Lorguaise\/@43.4938212,6.3544978,17z\/data=!3m1!4b1!4m5!3m4!1s0x12c95373cd5618ab:0x2332aae1f530f651!8m2!3d43.4938212!4d6.3566865?hl=fr\">\n                <img loading=\"lazy\" src=\"http:\/\/recyclerie-lorguaise.fr\/wp-content\/uploads\/2025\/03\/trouverPlan-LRL.png\" srcset=\"http:\/\/recyclerie-lorguaise.fr\/wp-content\/uploads\/2025\/03\/trouverPlan-LRL.png 423w, http:\/\/recyclerie-lorguaise.fr\/wp-content\/uploads\/2025\/03\/trouverPlan-LRL.png 300w\" sizes=\"(max-width: 350px) 100vw, 350px\" width=\"250\" height=\"296\">\n                <\/a>\n<\/th><\/tr>\n\n<\/tbody><\/table><\/figure>\n\n\n\n<figure class=\"wp-block-table\"><table><tbody>\n<tr>\n  <td class=\"has-text-align-left\" data-align=\"left\">\n  <img src=\"http:\/\/recyclerie-lorguaise.fr\/wp-content\/uploads\/2025\/03\/logo-PetiteRecyclerie-fondTransparent.png\" alt=\"\" style=\"width: 120px;\">\n  <\/td>\n  <td class=\"has-text-align-center\" data-align=\"center\"><span class=\"has-inline-color has-black-color\"><strong>\nLA PETITE RECYCLERIE &#8211; La Tourtouraine<br>\n9, rue des Moulins &#8211; 83690 Tourtour<br>\nBOUTIQUE SOLIDAIRE\n  <\/span>\n  <\/td>\n\n<tr>\n  <td class=\"has-text-align-left\" data-align=\"left\">\n    <span class=\"has-inline-color has-black-color\">\n    Lundi\n    <\/span>\n  <\/td>\n  <td class=\"has-text-align-center\" data-align=\"center\">X<\/td>\n<\/tr>\n<tr>\n  <td class=\"has-text-align-left\" data-align=\"left\"><span class=\"has-inline-color has-black-color\">Mardi<\/span><\/td>\n  <td class=\"has-text-align-center\" data-align=\"center\">X<\/td>\n<\/tr>\n\n<tr>\n  <td class=\"has-text-align-left\" data-align=\"left\"><span class=\"has-inline-color has-black-color\">Mercredi<\/span><\/td>\n  <td class=\"has-text-align-center\" data-align=\"center\">X<\/td>\n<\/tr>\n\n<tr><td class=\"has-text-align-left\" data-align=\"left\"><span class=\"has-inline-color has-black-color\">Jeudi<\/span><\/td>\n  <td class=\"has-text-align-center\" data-align=\"center\">X<\/td>\n<\/tr>\n\n<tr><td class=\"has-text-align-left\" data-align=\"left\"><span class=\"has-inline-color has-black-color\">Vendredi<\/span><\/td><td class=\"has-text-align-center\" data-align=\"center\"><span class=\"has-inline-color has-black-color\">ferm\u00e9 l&rsquo;hiver&#8230;<\/span><\/td><\/tr>\n\n<tr><td class=\"has-text-align-left\" data-align=\"left\"><span class=\"has-inline-color has-black-color\">Samedi<\/span><\/td><td class=\"has-text-align-center\" data-align=\"center\"><span class=\"has-inline-color has-black-color\">ferm\u00e9 l&rsquo;hiver&#8230;<\/span><\/td><\/tr>\n\n<tr><th colspan=\"2\" class=\"has-text-align-center\" data-align=\"center\">\n      <a href=\"https:\/\/www.google.com\/maps\/place\/La+Petite+Recyclerie+-+La+Tourtouraine\/@43.565089,6.230018,17z\/data=!3m1!4b1!4m6!3m5!1s0x12c9593244d9795d:0x2def08b685768e07!8m2!3d43.565089!4d6.2325929!16s%2Fg%2F11m68mn8cx?hl=fr&#038;entry=ttu&#038;g_ep=EgoyMDI1MDMxOS4yIKXMDSoJLDEwMjExNDUzSAFQAw%3D%3D\">\n          <img loading=\"lazy\" src=\"http:\/\/recyclerie-lorguaise.fr\/wp-content\/uploads\/2025\/03\/TrouverPlan-LaPetite.png\" class=\"wp-image-82\" srcset=\"http:\/\/recyclerie-lorguaise.fr\/wp-content\/uploads\/2025\/03\/TrouverPlan-LaPetite.png 423w, http:\/\/recyclerie-lorguaise.fr\/wp-content\/uploads\/2025\/03\/TrouverPlan-LaPetite.png 300w\" sizes=\"(max-width: 350px) 100vw, 350px\" width=\"250\" height=\"296\">\n        <\/a>\n    <\/figure> \n    <\/center>\n  <\/td> \n<\/tr> \n<\/tbody><\/table><\/figure>\n\n\n\n<p><\/p>\n","protected":false},"excerpt":{"rendered":"<p>N&rsquo;h\u00e9sitez pas \u00e0 nous contacter : recycleriesprovence@gmail.com ou au 04 89 53 04 90 ou \u00e0 suivre sur notre page FaceBook et sur notre Instagram Les Recycleries de Provence vous &#8230;<\/p>\n","protected":false},"author":1,"featured_media":0,"parent":0,"menu_order":0,"comment_status":"closed","ping_status":"open","template":"","meta":[],"_links":{"self":[{"href":"http:\/\/www.recycleriesprovence.fr\/index.php?rest_route=\/wp\/v2\/pages\/2"}],"collection":[{"href":"http:\/\/www.recycleriesprovence.fr\/index.php?rest_route=\/wp\/v2\/pages"}],"about":[{"href":"http:\/\/www.recycleriesprovence.fr\/index.php?rest_route=\/wp\/v2\/types\/page"}],"author":[{"embeddable":true,"href":"http:\/\/www.recycleriesprovence.fr\/index.php?rest_route=\/wp\/v2\/users\/1"}],"replies":[{"embeddable":true,"href":"http:\/\/www.recycleriesprovence.fr\/index.php?rest_route=%2Fwp%2Fv2%2Fcomments&post=2"}],"version-history":[{"count":152,"href":"http:\/\/www.recycleriesprovence.fr\/index.php?rest_route=\/wp\/v2\/pages\/2\/revisions"}],"predecessor-version":[{"id":428,"href":"http:\/\/www.recycleriesprovence.fr\/index.php?rest_route=\/wp\/v2\/pages\/2\/revisions\/428"}],"wp:attachment":[{"href":"http:\/\/www.recycleriesprovence.fr\/index.php?rest_route=%2Fwp%2Fv2%2Fmedia&parent=2"}],"curies":[{"name":"wp","href":"https:\/\/api.w.org\/{rel}","templated":true}]}}